{"id":361,"date":"2025-09-10T09:17:34","date_gmt":"2025-09-10T07:17:34","guid":{"rendered":"https:\/\/www.fautquonparle.org\/?page_id=361"},"modified":"2025-09-10T09:17:35","modified_gmt":"2025-09-10T07:17:35","slug":"mentions-legales","status":"publish","type":"page","link":"https:\/\/www.fautquonparle.org\/index.php\/mentions-legales\/","title":{"rendered":"Mentions l\u00e9gales"},"content":{"rendered":"\n<h2 class=\"wp-block-heading\">\u00c9diteur du site<\/h2>\n\n\n\n<p>Le site <a href=\"https:\/\/www.fautquonparle.org\/\">www.fautquonparle.org<\/a> est \u00e9dit\u00e9 par le Fonds Bayard<\/p>\n\n\n\n<p>Fonds de dotation r\u00e9gi par les articles 140 et 141 de loi n\u00b02008-776 du 4 ao\u00fbt 2008 <br>Si\u00e8ge social : 15 Boulevard Gabriel P\u00e9ri &#8211; 92240 Malakoff<\/p>\n\n\n\n<p>Adresse courrier \u00e9lectronique : <strong><a href=\"https:\/\/www.fonds-dotation-bayard.com\/mentions-legales\/donationfondsbayard@groupebayard.com\">donationfondsbayard@groupebayard.com<\/a><\/strong><br>Num\u00e9ro de t\u00e9l\u00e9phone : 01 74 31 74 09<\/p>\n\n\n\n<h2 class=\"wp-block-heading\"><strong>Coordonn\u00e9es de l\u2019h\u00e9bergeur du site<\/strong><\/h2>\n\n\n\n<p>Bayard<br>15 Boulevard Gabriel P\u00e9ri<br>92240 Malakoff<br>T\u00e9l : +33 (0)1 74 31 60 60<\/p>\n","protected":false},"excerpt":{"rendered":"","protected":false},"author":1,"featured_media":0,"parent":0,"menu_order":0,"comment_status":"closed","ping_status":"closed","template":"","meta":{"_acf_changed":false,"_seopress_robots_primary_cat":"","_seopress_titles_title":"","_seopress_titles_desc":"","_seopress_robots_index":"","footnotes":""},"categories":[],"tags":[],"class_list":["post-361","page","type-page","status-publish","hentry"],"acf":{"related_contents":""},"_links":{"self":[{"href":"https:\/\/www.fautquonparle.org\/index.php\/wp-json\/wp\/v2\/pages\/361","targetHints":{"allow":["GET"]}}],"collection":[{"href":"https:\/\/www.fautquonparle.org\/index.php\/wp-json\/wp\/v2\/pages"}],"about":[{"href":"https:\/\/www.fautquonparle.org\/index.php\/wp-json\/wp\/v2\/types\/page"}],"author":[{"embeddable":true,"href":"https:\/\/www.fautquonparle.org\/index.php\/wp-json\/wp\/v2\/users\/1"}],"replies":[{"embeddable":true,"href":"https:\/\/www.fautquonparle.org\/index.php\/wp-json\/wp\/v2\/comments?post=361"}],"version-history":[{"count":1,"href":"https:\/\/www.fautquonparle.org\/index.php\/wp-json\/wp\/v2\/pages\/361\/revisions"}],"predecessor-version":[{"id":362,"href":"https:\/\/www.fautquonparle.org\/index.php\/wp-json\/wp\/v2\/pages\/361\/revisions\/362"}],"wp:attachment":[{"href":"https:\/\/www.fautquonparle.org\/index.php\/wp-json\/wp\/v2\/media?parent=361"}],"wp:term":[{"taxonomy":"category","embeddable":true,"href":"https:\/\/www.fautquonparle.org\/index.php\/wp-json\/wp\/v2\/categories?post=361"},{"taxonomy":"post_tag","embeddable":true,"href":"https:\/\/www.fautquonparle.org\/index.php\/wp-json\/wp\/v2\/tags?post=361"}],"curies":[{"name":"wp","href":"https:\/\/api.w.org\/{rel}","templated":true}]}}